{"id":4507,"date":"2018-06-01T21:41:48","date_gmt":"2018-06-01T21:41:48","guid":{"rendered":"https:\/\/solpetroleum.com\/?page_id=4507"},"modified":"2022-11-16T23:51:17","modified_gmt":"2022-11-16T23:51:17","slug":"engagement-hse","status":"publish","type":"page","link":"https:\/\/solpetroleum.com\/fr\/a-propos-de-nous-2\/engagement-hse\/","title":{"rendered":"ENGAGEMENT EN MATI\u00c8RE DE SSE"},"content":{"rendered":"\t\t<div data-elementor-type=\"wp-page\" data-elementor-id=\"4507\" class=\"elementor elementor-4507 elementor-916\" data-elementor-post-type=\"page\">\n\t\t\t\t\t\t<section class=\"elementor-section elementor-top-section elementor-element elementor-element-1bef9352 elementor-section-boxed elementor-section-height-default elementor-section-height-default\" data-id=\"1bef9352\" data-element_type=\"section\" data-e-type=\"section\">\n\t\t\t\t\t\t<div class=\"elementor-container elementor-column-gap-default\">\n\t\t\t\t\t<div class=\"elementor-column elementor-col-100 elementor-top-column elementor-element elementor-element-2cc857d7\" data-id=\"2cc857d7\" data-element_type=\"column\" data-e-type=\"column\">\n\t\t\t<div class=\"elementor-widget-wrap elementor-element-populated\">\n\t\t\t\t\t\t<div class=\"elementor-element elementor-element-30b3b701 elementor-widget elementor-widget-text-editor\" data-id=\"30b3b701\" data-element_type=\"widget\" data-e-type=\"widget\" data-widget_type=\"text-editor.default\">\n\t\t\t\t<div class=\"elementor-widget-container\">\n\t\t\t\t\t\t\t\t\t<p>La s\u00e9curit\u00e9 est une priorit\u00e9 chez Sol. Notre engagement en mati\u00e8re de sant\u00e9, de s\u00e9curit\u00e9 et d&#8217;environnement est imbriqu\u00e9 dans tous les aspects de notre organisation. Ces principes sont ancr\u00e9s dans la culture de notre entreprise et mis en pratique en permanence dans nos activit\u00e9s quotidiennes afin de garantir un environnement sain pour notre \u00e9quipe, nos clients et nos communaut\u00e9s.<\/p><p>Chez Sol, nous sommes tous engag\u00e9s \u00e0:<\/p><ul><li><p>\u00c9tablir un lieu de travail s\u00fbr.<\/p><\/li><li><p>Int\u00e9grer la sant\u00e9 et la s\u00e9curit\u00e9 dans les activit\u00e9s professionnelles.<\/p><\/li><li><p>Prot\u00e9ger l&#8217;environnement et sa biodiversit\u00e9.<\/p><\/li><li><p>Utiliser efficacement les mat\u00e9riaux et l&#8217;\u00e9nergie pour fournir nos produits et services.<\/p><\/li><li><p>G\u00e9rer les risques li\u00e9s \u00e0 la s\u00e9curit\u00e9.<\/p><\/li><li><p>Promouvoir une culture dans laquelle tous les membres de l&#8217;\u00e9quipe Sol et les sous-traitants partagent cet engagement.<\/p><\/li><\/ul><p>Nous offrons une formation approfondie aux nouveaux membres de notre \u00e9quipe et distribuons r\u00e9guli\u00e8rement des bulletins de s\u00e9curit\u00e9 pour informer l&#8217;\u00e9quipe de Sol des informations derni\u00e8res relatives aux scores de l&#8217;objectif z\u00e9ro accident, aux meilleures pratiques, aux tendances et \u00e0 d&#8217;autres domaines d&#8217;int\u00e9r\u00eat importants. Dans toute la r\u00e9gion, tous nos territoires sont engag\u00e9s dans notre mission de z\u00e9ro accident et blessure.<\/p>\t\t\t\t\t\t\t\t<\/div>\n\t\t\t\t<\/div>\n\t\t\t\t\t<\/div>\n\t\t<\/div>\n\t\t\t\t\t<\/div>\n\t\t<\/section>\n\t\t\t\t<section class=\"elementor-section elementor-top-section elementor-element elementor-element-3145d01 elementor-section-stretched elementor-section-boxed elementor-section-height-default elementor-section-height-default\" data-id=\"3145d01\" data-element_type=\"section\" data-e-type=\"section\" data-settings=\"{&quot;stretch_section&quot;:&quot;section-stretched&quot;,&quot;background_background&quot;:&quot;classic&quot;}\">\n\t\t\t\t\t\t<div class=\"elementor-container elementor-column-gap-default\">\n\t\t\t\t\t<div class=\"elementor-column elementor-col-50 elementor-top-column elementor-element elementor-element-78590ce\" data-id=\"78590ce\" data-element_type=\"column\" data-e-type=\"column\">\n\t\t\t<div class=\"elementor-widget-wrap elementor-element-populated\">\n\t\t\t\t\t\t<div class=\"elementor-element elementor-element-ef6bf34 elementor-widget elementor-widget-text-editor\" data-id=\"ef6bf34\" data-element_type=\"widget\" data-e-type=\"widget\" data-widget_type=\"text-editor.default\">\n\t\t\t\t<div class=\"elementor-widget-container\">\n\t\t\t\t\t\t\t\t\t<h3>Vous avez une question sur le Groupe Sol, nos produits ou services?<\/h3>\t\t\t\t\t\t\t\t<\/div>\n\t\t\t\t<\/div>\n\t\t\t\t\t<\/div>\n\t\t<\/div>\n\t\t\t\t<div class=\"elementor-column elementor-col-50 elementor-top-column elementor-element elementor-element-87a3122\" data-id=\"87a3122\" data-element_type=\"column\" data-e-type=\"column\">\n\t\t\t<div class=\"elementor-widget-wrap elementor-element-populated\">\n\t\t\t\t\t\t<div class=\"elementor-element elementor-element-5748907 elementor-widget elementor-widget-button\" data-id=\"5748907\" data-element_type=\"widget\" data-e-type=\"widget\" data-widget_type=\"button.default\">\n\t\t\t\t<div class=\"elementor-widget-container\">\n\t\t\t\t\t<a id=button-id-0 target=_blank href=\/contact\/ class=\"btn  \" style=background-color:#0077BE>CONTACTEZ-NOUS<\/a>\t\t\t\t<\/div>\n\t\t\t\t<\/div>\n\t\t\t\t\t<\/div>\n\t\t<\/div>\n\t\t\t\t\t<\/div>\n\t\t<\/section>\n\t\t\t\t<\/div>\n\t\t","protected":false},"excerpt":{"rendered":"<p>La s\u00e9curit\u00e9 est une priorit\u00e9 chez Sol. Notre engagement en mati\u00e8re de sant\u00e9, de s\u00e9curit\u00e9 et d&#8217;environnement est imbriqu\u00e9 dans tous les aspects de notre organisation. Ces principes sont ancr\u00e9s dans la culture de notre entreprise et mis en pratique &hellip;<\/p>\n","protected":false},"author":1664,"featured_media":0,"parent":4394,"menu_order":88,"comment_status":"closed","ping_status":"closed","template":"","meta":{"_monsterinsights_skip_tracking":false,"_monsterinsights_sitenote_active":false,"_monsterinsights_sitenote_note":"","_monsterinsights_sitenote_category":0,"footnotes":""},"class_list":["post-4507","page","type-page","status-publish","hentry"],"yoast_head":"<!-- This site is optimized with the Yoast SEO plugin v26.3 - https:\/\/yoast.com\/wordpress\/plugins\/seo\/ -->\n<title>ENGAGEMENT EN MATI\u00c8RE DE SSE - Welcome to The Sol Group<\/title>\n<meta name=\"robots\" content=\"index, follow, max-snippet:-1, max-image-preview:large, max-video-preview:-1\" \/>\n<link rel=\"canonical\" href=\"https:\/\/solpetroleum.com\/about-us\/hse-commitment\/\" \/>\n<meta property=\"og:locale\" content=\"fr_FR\" \/>\n<meta property=\"og:type\" content=\"article\" \/>\n<meta property=\"og:title\" content=\"ENGAGEMENT EN MATI\u00c8RE DE SSE - Welcome to The Sol Group\" \/>\n<meta property=\"og:description\" content=\"La s\u00e9curit\u00e9 est une priorit\u00e9 chez Sol. Notre engagement en mati\u00e8re de sant\u00e9, de s\u00e9curit\u00e9 et d&#8217;environnement est imbriqu\u00e9 dans tous les aspects de notre organisation. Ces principes sont ancr\u00e9s dans la culture de notre entreprise et mis en pratique &hellip;\" \/>\n<meta property=\"og:url\" content=\"https:\/\/solpetroleum.com\/about-us\/hse-commitment\/\" \/>\n<meta property=\"og:site_name\" content=\"Welcome to The Sol Group\" \/>\n<meta property=\"article:modified_time\" content=\"2022-11-16T23:51:17+00:00\" \/>\n<meta name=\"twitter:card\" content=\"summary_large_image\" \/>\n<meta name=\"twitter:label1\" content=\"Est. reading time\" \/>\n\t<meta name=\"twitter:data1\" content=\"1 minute\" \/>\n<script type=\"application\/ld+json\" class=\"yoast-schema-graph\">{\"@context\":\"https:\/\/schema.org\",\"@graph\":[{\"@type\":\"WebPage\",\"@id\":\"https:\/\/solpetroleum.com\/about-us\/hse-commitment\/\",\"url\":\"https:\/\/solpetroleum.com\/about-us\/hse-commitment\/\",\"name\":\"ENGAGEMENT EN MATI\u00c8RE DE SSE - Welcome to The Sol Group\",\"isPartOf\":{\"@id\":\"https:\/\/3.133.56.63\/#website\"},\"datePublished\":\"2018-06-01T21:41:48+00:00\",\"dateModified\":\"2022-11-16T23:51:17+00:00\",\"breadcrumb\":{\"@id\":\"https:\/\/solpetroleum.com\/about-us\/hse-commitment\/#breadcrumb\"},\"inLanguage\":\"fr-FR\",\"potentialAction\":[{\"@type\":\"ReadAction\",\"target\":[\"https:\/\/solpetroleum.com\/about-us\/hse-commitment\/\"]}]},{\"@type\":\"BreadcrumbList\",\"@id\":\"https:\/\/solpetroleum.com\/about-us\/hse-commitment\/#breadcrumb\",\"itemListElement\":[{\"@type\":\"ListItem\",\"position\":1,\"name\":\"Home\",\"item\":\"https:\/\/solpetroleum.com\/fr\/\"},{\"@type\":\"ListItem\",\"position\":2,\"name\":\"\u00c0 propos de nous\",\"item\":\"https:\/\/solpetroleum.com\/fr\/a-propos-de-nous-2\/\"},{\"@type\":\"ListItem\",\"position\":3,\"name\":\"ENGAGEMENT EN MATI\u00c8RE DE SSE\"}]},{\"@type\":\"WebSite\",\"@id\":\"https:\/\/3.133.56.63\/#website\",\"url\":\"https:\/\/3.133.56.63\/\",\"name\":\"Welcome to The Sol Group\",\"description\":\"A leading petroleum company in the Eastern Caribbean, Central and South America\",\"potentialAction\":[{\"@type\":\"SearchAction\",\"target\":{\"@type\":\"EntryPoint\",\"urlTemplate\":\"https:\/\/3.133.56.63\/?s={search_term_string}\"},\"query-input\":{\"@type\":\"PropertyValueSpecification\",\"valueRequired\":true,\"valueName\":\"search_term_string\"}}],\"inLanguage\":\"fr-FR\"}]}<\/script>\n<!-- \/ Yoast SEO plugin. -->","yoast_head_json":{"title":"ENGAGEMENT EN MATI\u00c8RE DE SSE - Welcome to The Sol Group","robots":{"index":"index","follow":"follow","max-snippet":"max-snippet:-1","max-image-preview":"max-image-preview:large","max-video-preview":"max-video-preview:-1"},"canonical":"https:\/\/solpetroleum.com\/about-us\/hse-commitment\/","og_locale":"fr_FR","og_type":"article","og_title":"ENGAGEMENT EN MATI\u00c8RE DE SSE - Welcome to The Sol Group","og_description":"La s\u00e9curit\u00e9 est une priorit\u00e9 chez Sol. Notre engagement en mati\u00e8re de sant\u00e9, de s\u00e9curit\u00e9 et d&#8217;environnement est imbriqu\u00e9 dans tous les aspects de notre organisation. Ces principes sont ancr\u00e9s dans la culture de notre entreprise et mis en pratique &hellip;","og_url":"https:\/\/solpetroleum.com\/about-us\/hse-commitment\/","og_site_name":"Welcome to The Sol Group","article_modified_time":"2022-11-16T23:51:17+00:00","twitter_card":"summary_large_image","twitter_misc":{"Est. reading time":"1 minute"},"schema":{"@context":"https:\/\/schema.org","@graph":[{"@type":"WebPage","@id":"https:\/\/solpetroleum.com\/about-us\/hse-commitment\/","url":"https:\/\/solpetroleum.com\/about-us\/hse-commitment\/","name":"ENGAGEMENT EN MATI\u00c8RE DE SSE - Welcome to The Sol Group","isPartOf":{"@id":"https:\/\/3.133.56.63\/#website"},"datePublished":"2018-06-01T21:41:48+00:00","dateModified":"2022-11-16T23:51:17+00:00","breadcrumb":{"@id":"https:\/\/solpetroleum.com\/about-us\/hse-commitment\/#breadcrumb"},"inLanguage":"fr-FR","potentialAction":[{"@type":"ReadAction","target":["https:\/\/solpetroleum.com\/about-us\/hse-commitment\/"]}]},{"@type":"BreadcrumbList","@id":"https:\/\/solpetroleum.com\/about-us\/hse-commitment\/#breadcrumb","itemListElement":[{"@type":"ListItem","position":1,"name":"Home","item":"https:\/\/solpetroleum.com\/fr\/"},{"@type":"ListItem","position":2,"name":"\u00c0 propos de nous","item":"https:\/\/solpetroleum.com\/fr\/a-propos-de-nous-2\/"},{"@type":"ListItem","position":3,"name":"ENGAGEMENT EN MATI\u00c8RE DE SSE"}]},{"@type":"WebSite","@id":"https:\/\/3.133.56.63\/#website","url":"https:\/\/3.133.56.63\/","name":"Welcome to The Sol Group","description":"A leading petroleum company in the Eastern Caribbean, Central and South America","potentialAction":[{"@type":"SearchAction","target":{"@type":"EntryPoint","urlTemplate":"https:\/\/3.133.56.63\/?s={search_term_string}"},"query-input":{"@type":"PropertyValueSpecification","valueRequired":true,"valueName":"search_term_string"}}],"inLanguage":"fr-FR"}]}},"_links":{"self":[{"href":"https:\/\/solpetroleum.com\/fr\/wp-json\/wp\/v2\/pages\/4507","targetHints":{"allow":["GET"]}}],"collection":[{"href":"https:\/\/solpetroleum.com\/fr\/wp-json\/wp\/v2\/pages"}],"about":[{"href":"https:\/\/solpetroleum.com\/fr\/wp-json\/wp\/v2\/types\/page"}],"author":[{"embeddable":true,"href":"https:\/\/solpetroleum.com\/fr\/wp-json\/wp\/v2\/users\/1664"}],"replies":[{"embeddable":true,"href":"https:\/\/solpetroleum.com\/fr\/wp-json\/wp\/v2\/comments?post=4507"}],"version-history":[{"count":0,"href":"https:\/\/solpetroleum.com\/fr\/wp-json\/wp\/v2\/pages\/4507\/revisions"}],"up":[{"embeddable":true,"href":"https:\/\/solpetroleum.com\/fr\/wp-json\/wp\/v2\/pages\/4394"}],"wp:attachment":[{"href":"https:\/\/solpetroleum.com\/fr\/wp-json\/wp\/v2\/media?parent=4507"}],"curies":[{"name":"wp","href":"https:\/\/api.w.org\/{rel}","templated":true}]}}