{"id":4497,"date":"2018-06-01T20:21:06","date_gmt":"2018-06-01T20:21:06","guid":{"rendered":"https:\/\/solpetroleum.com\/?page_id=4497"},"modified":"2022-11-11T21:16:19","modified_gmt":"2022-11-11T21:16:19","slug":"dans-la-communaute","status":"publish","type":"page","link":"https:\/\/solpetroleum.com\/fr\/a-propos-de-nous-2\/dans-la-communaute\/","title":{"rendered":"Dans la communaut\u00e9"},"content":{"rendered":"\t\t<div data-elementor-type=\"wp-page\" data-elementor-id=\"4497\" class=\"elementor elementor-4497 elementor-1120\" data-elementor-post-type=\"page\">\n\t\t\t\t\t\t<section class=\"elementor-section elementor-top-section elementor-element elementor-element-4c8a4e10 elementor-section-boxed elementor-section-height-default elementor-section-height-default\" data-id=\"4c8a4e10\" data-element_type=\"section\" data-e-type=\"section\">\n\t\t\t\t\t\t<div class=\"elementor-container elementor-column-gap-default\">\n\t\t\t\t\t<div class=\"elementor-column elementor-col-100 elementor-top-column elementor-element elementor-element-5e8734c2\" data-id=\"5e8734c2\" data-element_type=\"column\" data-e-type=\"column\">\n\t\t\t<div class=\"elementor-widget-wrap elementor-element-populated\">\n\t\t\t\t\t\t<div class=\"elementor-element elementor-element-26ff4680 elementor-widget elementor-widget-text-editor\" data-id=\"26ff4680\" data-element_type=\"widget\" data-e-type=\"widget\" data-widget_type=\"text-editor.default\">\n\t\t\t\t<div class=\"elementor-widget-container\">\n\t\t\t\t\t\t\t\t\t<p>Chez Sol, nous sommes passionn\u00e9s par le soutien \u00e0 la Cara\u00efbe et aux communaut\u00e9s dans lesquelles nous op\u00e9rons. Nous parrainons et soutenons plusieurs activit\u00e9s et \u00e9v\u00e9nements communautaires dans la r\u00e9gion chaque ann\u00e9e. Ces activit\u00e9s et \u00e9v\u00e9nements vont de projets scolaires relativement petits et de groupes environnementaux locaux \u00e0 des initiatives communautaires r\u00e9gionales \u00e0 grande \u00e9chelle et \u00e0 des \u00e9v\u00e9nements sportifs majeurs.<\/p><p>Nous sommes conscients qu&#8217;\u00eatre une entreprise socialement responsable est essentiel pour r\u00e9aliser notre vision d&#8217;\u00eatre une entreprise d&#8217;\u00e9nergie de classe mondiale centr\u00e9e sur le client. Nous soutenons toute une s\u00e9rie d&#8217;initiatives et d&#8217;activit\u00e9s dans nos communaut\u00e9s, et nous sommes particuli\u00e8rement passionn\u00e9s par les initiatives centr\u00e9es sur :<\/p><ul><li><p>L\u2019\u00e9ducation<\/p><\/li><li><p>La pr\u00e9servation de l&#8217;environnement<\/p><\/li><li><p>Le sport<\/p><\/li><li><p>Le d\u00e9veloppement communautaire<\/p><\/li><\/ul>\t\t\t\t\t\t\t\t<\/div>\n\t\t\t\t<\/div>\n\t\t\t\t\t<\/div>\n\t\t<\/div>\n\t\t\t\t\t<\/div>\n\t\t<\/section>\n\t\t\t\t<section class=\"elementor-section elementor-top-section elementor-element elementor-element-8b92596 elementor-section-boxed elementor-section-height-default elementor-section-height-default\" data-id=\"8b92596\" data-element_type=\"section\" data-e-type=\"section\">\n\t\t\t\t\t\t<div class=\"elementor-container elementor-column-gap-default\">\n\t\t\t\t\t<div class=\"elementor-column elementor-col-20 elementor-top-column elementor-element elementor-element-4b98b1b\" data-id=\"4b98b1b\" data-element_type=\"column\" data-e-type=\"column\">\n\t\t\t<div class=\"elementor-widget-wrap\">\n\t\t\t\t\t\t\t<\/div>\n\t\t<\/div>\n\t\t\t\t<div class=\"elementor-column elementor-col-20 elementor-top-column elementor-element elementor-element-11f1a1a\" data-id=\"11f1a1a\" data-element_type=\"column\" data-e-type=\"column\">\n\t\t\t<div class=\"elementor-widget-wrap elementor-element-populated\">\n\t\t\t\t\t\t<div class=\"elementor-element elementor-element-64b2d47 elementor-flip-box--effect-slide elementor-flip-box--direction-up elementor-widget elementor-widget-flip-box\" data-id=\"64b2d47\" data-element_type=\"widget\" data-e-type=\"widget\" data-widget_type=\"flip-box.default\">\n\t\t\t\t<div class=\"elementor-widget-container\">\n\t\t\t\t\t\t\t<div class=\"elementor-flip-box\" tabindex=\"0\">\r\n\t\t\t<div class=\"elementor-flip-box__layer elementor-flip-box__front\">\r\n\t\t\t\t<div class=\"elementor-flip-box__layer__overlay\">\r\n\t\t\t\t\t<div class=\"elementor-flip-box__layer__inner\">\r\n\t\t\t\t\t\t\r\n\t\t\t\t\t\t\t\t\t\t\t\t\t<h3 class=\"elementor-flip-box__layer__title\">\r\n\t\t\t\t\t\t\t\tNOTRE MISSION\t\t\t\t\t\t\t<\/h3>\r\n\t\t\t\t\t\t\r\n\t\t\t\t\t\t\t\t\t\t\t<\/div>\r\n\t\t\t\t<\/div>\r\n\t\t\t<\/div>\r\n\t\t\t<div class=\"elementor-flip-box__layer elementor-flip-box__back\">\r\n\t\t\t<div class=\"elementor-flip-box__layer__overlay\">\r\n\t\t\t\t<div class=\"elementor-flip-box__layer__inner\">\r\n\t\t\t\t\t\r\n\t\t\t\t\t\r\n\t\t\t\t\t\t\t\t\t\t\t<a class=\"elementor-flip-box__button elementor-button elementor-size-sm\" href=\"\/mission-values-promise\/\">\r\n\t\t\t\t\t\t\tVoir plus...\t\t\t\t\t\t<\/a>\r\n\t\t\t\t\t\t\t\t<\/div>\r\n\t\t<\/div>\r\n\t\t<\/div>\r\n\t\t<\/div>\r\n\t\t\t\t\t\t<\/div>\n\t\t\t\t<\/div>\n\t\t\t\t\t<\/div>\n\t\t<\/div>\n\t\t\t\t<div class=\"elementor-column elementor-col-20 elementor-top-column elementor-element elementor-element-470a4c6\" data-id=\"470a4c6\" data-element_type=\"column\" data-e-type=\"column\">\n\t\t\t<div class=\"elementor-widget-wrap elementor-element-populated\">\n\t\t\t\t\t\t<div class=\"elementor-element elementor-element-b2375f2 elementor-flip-box--effect-slide elementor-flip-box--direction-up elementor-widget elementor-widget-flip-box\" data-id=\"b2375f2\" data-element_type=\"widget\" data-e-type=\"widget\" data-widget_type=\"flip-box.default\">\n\t\t\t\t<div class=\"elementor-widget-container\">\n\t\t\t\t\t\t\t<div class=\"elementor-flip-box\" tabindex=\"0\">\r\n\t\t\t<div class=\"elementor-flip-box__layer elementor-flip-box__front\">\r\n\t\t\t\t<div class=\"elementor-flip-box__layer__overlay\">\r\n\t\t\t\t\t<div class=\"elementor-flip-box__layer__inner\">\r\n\t\t\t\t\t\t\r\n\t\t\t\t\t\t\t\t\t\t\t\t\t<h3 class=\"elementor-flip-box__layer__title\">\r\n\t\t\t\t\t\t\t\tL\u2019HISTOIRE DE NOTRE MARQUE\t\t\t\t\t\t\t<\/h3>\r\n\t\t\t\t\t\t\r\n\t\t\t\t\t\t\t\t\t\t\t<\/div>\r\n\t\t\t\t<\/div>\r\n\t\t\t<\/div>\r\n\t\t\t<div class=\"elementor-flip-box__layer elementor-flip-box__back\">\r\n\t\t\t<div class=\"elementor-flip-box__layer__overlay\">\r\n\t\t\t\t<div class=\"elementor-flip-box__layer__inner\">\r\n\t\t\t\t\t\r\n\t\t\t\t\t\r\n\t\t\t\t\t\t\t\t\t\t\t<a class=\"elementor-flip-box__button elementor-button elementor-size-sm\" href=\"\/about-us\/brand-story\/\">\r\n\t\t\t\t\t\t\tVoir plus...\t\t\t\t\t\t<\/a>\r\n\t\t\t\t\t\t\t\t<\/div>\r\n\t\t<\/div>\r\n\t\t<\/div>\r\n\t\t<\/div>\r\n\t\t\t\t\t\t<\/div>\n\t\t\t\t<\/div>\n\t\t\t\t\t<\/div>\n\t\t<\/div>\n\t\t\t\t<div class=\"elementor-column elementor-col-20 elementor-top-column elementor-element elementor-element-b1b46a8\" data-id=\"b1b46a8\" data-element_type=\"column\" data-e-type=\"column\">\n\t\t\t<div class=\"elementor-widget-wrap elementor-element-populated\">\n\t\t\t\t\t\t<div class=\"elementor-element elementor-element-b2307d6 elementor-flip-box--effect-slide elementor-flip-box--direction-up elementor-widget elementor-widget-flip-box\" data-id=\"b2307d6\" data-element_type=\"widget\" data-e-type=\"widget\" data-widget_type=\"flip-box.default\">\n\t\t\t\t<div class=\"elementor-widget-container\">\n\t\t\t\t\t\t\t<div class=\"elementor-flip-box\" tabindex=\"0\">\r\n\t\t\t<div class=\"elementor-flip-box__layer elementor-flip-box__front\">\r\n\t\t\t\t<div class=\"elementor-flip-box__layer__overlay\">\r\n\t\t\t\t\t<div class=\"elementor-flip-box__layer__inner\">\r\n\t\t\t\t\t\t\r\n\t\t\t\t\t\t\t\t\t\t\t\t\t<h3 class=\"elementor-flip-box__layer__title\">\r\n\t\t\t\t\t\t\t\tHISTOIRE DU GROUPE SOL\t\t\t\t\t\t\t<\/h3>\r\n\t\t\t\t\t\t\r\n\t\t\t\t\t\t\t\t\t\t\t<\/div>\r\n\t\t\t\t<\/div>\r\n\t\t\t<\/div>\r\n\t\t\t<div class=\"elementor-flip-box__layer elementor-flip-box__back\">\r\n\t\t\t<div class=\"elementor-flip-box__layer__overlay\">\r\n\t\t\t\t<div class=\"elementor-flip-box__layer__inner\">\r\n\t\t\t\t\t\r\n\t\t\t\t\t\r\n\t\t\t\t\t\t\t\t\t\t\t<a class=\"elementor-flip-box__button elementor-button elementor-size-sm\" href=\"\/about-us\/sol-history\/\">\r\n\t\t\t\t\t\t\tVoir plus...\t\t\t\t\t\t<\/a>\r\n\t\t\t\t\t\t\t\t<\/div>\r\n\t\t<\/div>\r\n\t\t<\/div>\r\n\t\t<\/div>\r\n\t\t\t\t\t\t<\/div>\n\t\t\t\t<\/div>\n\t\t\t\t\t<\/div>\n\t\t<\/div>\n\t\t\t\t<div class=\"elementor-column elementor-col-20 elementor-top-column elementor-element elementor-element-65a7d2c\" data-id=\"65a7d2c\" data-element_type=\"column\" data-e-type=\"column\">\n\t\t\t<div class=\"elementor-widget-wrap\">\n\t\t\t\t\t\t\t<\/div>\n\t\t<\/div>\n\t\t\t\t\t<\/div>\n\t\t<\/section>\n\t\t\t\t<section class=\"elementor-section elementor-top-section elementor-element elementor-element-7159812 elementor-section-boxed elementor-section-height-default elementor-section-height-default\" data-id=\"7159812\" data-element_type=\"section\" data-e-type=\"section\">\n\t\t\t\t\t\t<div class=\"elementor-container elementor-column-gap-default\">\n\t\t\t\t\t<div class=\"elementor-column elementor-col-20 elementor-top-column elementor-element elementor-element-2169ece\" data-id=\"2169ece\" data-element_type=\"column\" data-e-type=\"column\">\n\t\t\t<div class=\"elementor-widget-wrap\">\n\t\t\t\t\t\t\t<\/div>\n\t\t<\/div>\n\t\t\t\t<div class=\"elementor-column elementor-col-20 elementor-top-column elementor-element elementor-element-2fbbb8f\" data-id=\"2fbbb8f\" data-element_type=\"column\" data-e-type=\"column\">\n\t\t\t<div class=\"elementor-widget-wrap elementor-element-populated\">\n\t\t\t\t\t\t<div class=\"elementor-element elementor-element-c3a04b9 elementor-flip-box--effect-slide elementor-flip-box--direction-up elementor-widget elementor-widget-flip-box\" data-id=\"c3a04b9\" data-element_type=\"widget\" data-e-type=\"widget\" data-widget_type=\"flip-box.default\">\n\t\t\t\t<div class=\"elementor-widget-container\">\n\t\t\t\t\t\t\t<div class=\"elementor-flip-box\" tabindex=\"0\">\r\n\t\t\t<div class=\"elementor-flip-box__layer elementor-flip-box__front\">\r\n\t\t\t\t<div class=\"elementor-flip-box__layer__overlay\">\r\n\t\t\t\t\t<div class=\"elementor-flip-box__layer__inner\">\r\n\t\t\t\t\t\t\r\n\t\t\t\t\t\t\t\t\t\t\t\t\t<h3 class=\"elementor-flip-box__layer__title\">\r\n\t\t\t\t\t\t\t\tNOTRE R\u00c9SEAU\t\t\t\t\t\t\t<\/h3>\r\n\t\t\t\t\t\t\r\n\t\t\t\t\t\t\t\t\t\t\t<\/div>\r\n\t\t\t\t<\/div>\r\n\t\t\t<\/div>\r\n\t\t\t<div class=\"elementor-flip-box__layer elementor-flip-box__back\">\r\n\t\t\t<div class=\"elementor-flip-box__layer__overlay\">\r\n\t\t\t\t<div class=\"elementor-flip-box__layer__inner\">\r\n\t\t\t\t\t\r\n\t\t\t\t\t\r\n\t\t\t\t\t\t\t\t\t\t\t<a class=\"elementor-flip-box__button elementor-button elementor-size-sm\" href=\"\/about-us\/our-network\/\">\r\n\t\t\t\t\t\t\tVoir plus...\t\t\t\t\t\t<\/a>\r\n\t\t\t\t\t\t\t\t<\/div>\r\n\t\t<\/div>\r\n\t\t<\/div>\r\n\t\t<\/div>\r\n\t\t\t\t\t\t<\/div>\n\t\t\t\t<\/div>\n\t\t\t\t\t<\/div>\n\t\t<\/div>\n\t\t\t\t<div class=\"elementor-column elementor-col-20 elementor-top-column elementor-element elementor-element-0647bfd\" data-id=\"0647bfd\" data-element_type=\"column\" data-e-type=\"column\">\n\t\t\t<div class=\"elementor-widget-wrap elementor-element-populated\">\n\t\t\t\t\t\t<div class=\"elementor-element elementor-element-d14e2c2 elementor-flip-box--effect-slide elementor-flip-box--direction-up elementor-widget elementor-widget-flip-box\" data-id=\"d14e2c2\" data-element_type=\"widget\" data-e-type=\"widget\" data-widget_type=\"flip-box.default\">\n\t\t\t\t<div class=\"elementor-widget-container\">\n\t\t\t\t\t\t\t<div class=\"elementor-flip-box\" tabindex=\"0\">\r\n\t\t\t<div class=\"elementor-flip-box__layer elementor-flip-box__front\">\r\n\t\t\t\t<div class=\"elementor-flip-box__layer__overlay\">\r\n\t\t\t\t\t<div class=\"elementor-flip-box__layer__inner\">\r\n\t\t\t\t\t\t\r\n\t\t\t\t\t\t\t\t\t\t\t\t\t<h3 class=\"elementor-flip-box__layer__title\">\r\n\t\t\t\t\t\t\t\tSOL DANS LA COMMUNAUT\u00c9\t\t\t\t\t\t\t<\/h3>\r\n\t\t\t\t\t\t\r\n\t\t\t\t\t\t\t\t\t\t\t<\/div>\r\n\t\t\t\t<\/div>\r\n\t\t\t<\/div>\r\n\t\t\t<div class=\"elementor-flip-box__layer elementor-flip-box__back\">\r\n\t\t\t<div class=\"elementor-flip-box__layer__overlay\">\r\n\t\t\t\t<div class=\"elementor-flip-box__layer__inner\">\r\n\t\t\t\t\t\r\n\t\t\t\t\t\r\n\t\t\t\t\t\t\t\t\t\t\t<a class=\"elementor-flip-box__button elementor-button elementor-size-sm\" href=\"\/about-us\/in-the-community\/\">\r\n\t\t\t\t\t\t\tVoir plus...\t\t\t\t\t\t<\/a>\r\n\t\t\t\t\t\t\t\t<\/div>\r\n\t\t<\/div>\r\n\t\t<\/div>\r\n\t\t<\/div>\r\n\t\t\t\t\t\t<\/div>\n\t\t\t\t<\/div>\n\t\t\t\t\t<\/div>\n\t\t<\/div>\n\t\t\t\t<div class=\"elementor-column elementor-col-20 elementor-top-column elementor-element elementor-element-97316e8\" data-id=\"97316e8\" data-element_type=\"column\" data-e-type=\"column\">\n\t\t\t<div class=\"elementor-widget-wrap elementor-element-populated\">\n\t\t\t\t\t\t<div class=\"elementor-element elementor-element-303c4ce elementor-flip-box--effect-slide elementor-flip-box--direction-up elementor-widget elementor-widget-flip-box\" data-id=\"303c4ce\" data-element_type=\"widget\" data-e-type=\"widget\" data-widget_type=\"flip-box.default\">\n\t\t\t\t<div class=\"elementor-widget-container\">\n\t\t\t\t\t\t\t<div class=\"elementor-flip-box\" tabindex=\"0\">\r\n\t\t\t<div class=\"elementor-flip-box__layer elementor-flip-box__front\">\r\n\t\t\t\t<div class=\"elementor-flip-box__layer__overlay\">\r\n\t\t\t\t\t<div class=\"elementor-flip-box__layer__inner\">\r\n\t\t\t\t\t\t\r\n\t\t\t\t\t\t\t\t\t\t\t\t\t<h3 class=\"elementor-flip-box__layer__title\">\r\n\t\t\t\t\t\t\t\tSANT\u00c9, S\u00c9CURIT\u00c9 ET ENVIRONNEMENT\t\t\t\t\t\t\t<\/h3>\r\n\t\t\t\t\t\t\r\n\t\t\t\t\t\t\t\t\t\t\t<\/div>\r\n\t\t\t\t<\/div>\r\n\t\t\t<\/div>\r\n\t\t\t<div class=\"elementor-flip-box__layer elementor-flip-box__back\">\r\n\t\t\t<div class=\"elementor-flip-box__layer__overlay\">\r\n\t\t\t\t<div class=\"elementor-flip-box__layer__inner\">\r\n\t\t\t\t\t\r\n\t\t\t\t\t\r\n\t\t\t\t\t\t\t\t\t\t\t<a class=\"elementor-flip-box__button elementor-button elementor-size-sm\" href=\"\/about-us\/hse-commitment\/\">\r\n\t\t\t\t\t\t\tVoir plus...\t\t\t\t\t\t<\/a>\r\n\t\t\t\t\t\t\t\t<\/div>\r\n\t\t<\/div>\r\n\t\t<\/div>\r\n\t\t<\/div>\r\n\t\t\t\t\t\t<\/div>\n\t\t\t\t<\/div>\n\t\t\t\t\t<\/div>\n\t\t<\/div>\n\t\t\t\t<div class=\"elementor-column elementor-col-20 elementor-top-column elementor-element elementor-element-9b813a7\" data-id=\"9b813a7\" data-element_type=\"column\" data-e-type=\"column\">\n\t\t\t<div class=\"elementor-widget-wrap\">\n\t\t\t\t\t\t\t<\/div>\n\t\t<\/div>\n\t\t\t\t\t<\/div>\n\t\t<\/section>\n\t\t\t\t<\/div>\n\t\t","protected":false},"excerpt":{"rendered":"<p>Chez Sol, nous sommes passionn\u00e9s par le soutien \u00e0 la Cara\u00efbe et aux communaut\u00e9s dans lesquelles nous op\u00e9rons. Nous parrainons et soutenons plusieurs activit\u00e9s et \u00e9v\u00e9nements communautaires dans la r\u00e9gion chaque ann\u00e9e. Ces activit\u00e9s et \u00e9v\u00e9nements vont de projets scolaires &hellip;<\/p>\n","protected":false},"author":1664,"featured_media":0,"parent":4394,"menu_order":157,"comment_status":"closed","ping_status":"closed","template":"","meta":{"_monsterinsights_skip_tracking":false,"_monsterinsights_sitenote_active":false,"_monsterinsights_sitenote_note":"","_monsterinsights_sitenote_category":0,"footnotes":""},"class_list":["post-4497","page","type-page","status-publish","hentry"],"yoast_head":"<!-- This site is optimized with the Yoast SEO plugin v26.3 - https:\/\/yoast.com\/wordpress\/plugins\/seo\/ -->\n<title>Dans la communaut\u00e9 - Welcome to The Sol Group<\/title>\n<meta name=\"robots\" content=\"index, follow, max-snippet:-1, max-image-preview:large, max-video-preview:-1\" \/>\n<link rel=\"canonical\" href=\"https:\/\/solpetroleum.com\/fr\/a-propos-de-nous-2\/dans-la-communaute\/\" \/>\n<meta property=\"og:locale\" content=\"fr_FR\" \/>\n<meta property=\"og:type\" content=\"article\" \/>\n<meta property=\"og:title\" content=\"Dans la communaut\u00e9 - Welcome to The Sol Group\" \/>\n<meta property=\"og:description\" content=\"Chez Sol, nous sommes passionn\u00e9s par le soutien \u00e0 la Cara\u00efbe et aux communaut\u00e9s dans lesquelles nous op\u00e9rons. Nous parrainons et soutenons plusieurs activit\u00e9s et \u00e9v\u00e9nements communautaires dans la r\u00e9gion chaque ann\u00e9e. Ces activit\u00e9s et \u00e9v\u00e9nements vont de projets scolaires &hellip;\" \/>\n<meta property=\"og:url\" content=\"https:\/\/solpetroleum.com\/fr\/a-propos-de-nous-2\/dans-la-communaute\/\" \/>\n<meta property=\"og:site_name\" content=\"Welcome to The Sol Group\" \/>\n<meta property=\"article:modified_time\" content=\"2022-11-11T21:16:19+00:00\" \/>\n<meta name=\"twitter:card\" content=\"summary_large_image\" \/>\n<meta name=\"twitter:label1\" content=\"Est. reading time\" \/>\n\t<meta name=\"twitter:data1\" content=\"1 minute\" \/>\n<script type=\"application\/ld+json\" class=\"yoast-schema-graph\">{\"@context\":\"https:\/\/schema.org\",\"@graph\":[{\"@type\":\"WebPage\",\"@id\":\"https:\/\/solpetroleum.com\/fr\/a-propos-de-nous-2\/dans-la-communaute\/\",\"url\":\"https:\/\/solpetroleum.com\/fr\/a-propos-de-nous-2\/dans-la-communaute\/\",\"name\":\"Dans la communaut\u00e9 - Welcome to The Sol Group\",\"isPartOf\":{\"@id\":\"https:\/\/ec2-3-133-56-63.us-east-2.compute.amazonaws.com\/#website\"},\"datePublished\":\"2018-06-01T20:21:06+00:00\",\"dateModified\":\"2022-11-11T21:16:19+00:00\",\"breadcrumb\":{\"@id\":\"https:\/\/solpetroleum.com\/fr\/a-propos-de-nous-2\/dans-la-communaute\/#breadcrumb\"},\"inLanguage\":\"fr-FR\",\"potentialAction\":[{\"@type\":\"ReadAction\",\"target\":[\"https:\/\/solpetroleum.com\/fr\/a-propos-de-nous-2\/dans-la-communaute\/\"]}]},{\"@type\":\"BreadcrumbList\",\"@id\":\"https:\/\/solpetroleum.com\/fr\/a-propos-de-nous-2\/dans-la-communaute\/#breadcrumb\",\"itemListElement\":[{\"@type\":\"ListItem\",\"position\":1,\"name\":\"Home\",\"item\":\"https:\/\/solpetroleum.com\/fr\/\"},{\"@type\":\"ListItem\",\"position\":2,\"name\":\"\u00c0 propos de nous\",\"item\":\"https:\/\/solpetroleum.com\/fr\/a-propos-de-nous-2\/\"},{\"@type\":\"ListItem\",\"position\":3,\"name\":\"Dans la communaut\u00e9\"}]},{\"@type\":\"WebSite\",\"@id\":\"https:\/\/ec2-3-133-56-63.us-east-2.compute.amazonaws.com\/#website\",\"url\":\"https:\/\/ec2-3-133-56-63.us-east-2.compute.amazonaws.com\/\",\"name\":\"Welcome to The Sol Group\",\"description\":\"A leading petroleum company in the Eastern Caribbean, Central and South America\",\"potentialAction\":[{\"@type\":\"SearchAction\",\"target\":{\"@type\":\"EntryPoint\",\"urlTemplate\":\"https:\/\/ec2-3-133-56-63.us-east-2.compute.amazonaws.com\/?s={search_term_string}\"},\"query-input\":{\"@type\":\"PropertyValueSpecification\",\"valueRequired\":true,\"valueName\":\"search_term_string\"}}],\"inLanguage\":\"fr-FR\"}]}<\/script>\n<!-- \/ Yoast SEO plugin. -->","yoast_head_json":{"title":"Dans la communaut\u00e9 - Welcome to The Sol Group","robots":{"index":"index","follow":"follow","max-snippet":"max-snippet:-1","max-image-preview":"max-image-preview:large","max-video-preview":"max-video-preview:-1"},"canonical":"https:\/\/solpetroleum.com\/fr\/a-propos-de-nous-2\/dans-la-communaute\/","og_locale":"fr_FR","og_type":"article","og_title":"Dans la communaut\u00e9 - Welcome to The Sol Group","og_description":"Chez Sol, nous sommes passionn\u00e9s par le soutien \u00e0 la Cara\u00efbe et aux communaut\u00e9s dans lesquelles nous op\u00e9rons. Nous parrainons et soutenons plusieurs activit\u00e9s et \u00e9v\u00e9nements communautaires dans la r\u00e9gion chaque ann\u00e9e. Ces activit\u00e9s et \u00e9v\u00e9nements vont de projets scolaires &hellip;","og_url":"https:\/\/solpetroleum.com\/fr\/a-propos-de-nous-2\/dans-la-communaute\/","og_site_name":"Welcome to The Sol Group","article_modified_time":"2022-11-11T21:16:19+00:00","twitter_card":"summary_large_image","twitter_misc":{"Est. reading time":"1 minute"},"schema":{"@context":"https:\/\/schema.org","@graph":[{"@type":"WebPage","@id":"https:\/\/solpetroleum.com\/fr\/a-propos-de-nous-2\/dans-la-communaute\/","url":"https:\/\/solpetroleum.com\/fr\/a-propos-de-nous-2\/dans-la-communaute\/","name":"Dans la communaut\u00e9 - Welcome to The Sol Group","isPartOf":{"@id":"https:\/\/ec2-3-133-56-63.us-east-2.compute.amazonaws.com\/#website"},"datePublished":"2018-06-01T20:21:06+00:00","dateModified":"2022-11-11T21:16:19+00:00","breadcrumb":{"@id":"https:\/\/solpetroleum.com\/fr\/a-propos-de-nous-2\/dans-la-communaute\/#breadcrumb"},"inLanguage":"fr-FR","potentialAction":[{"@type":"ReadAction","target":["https:\/\/solpetroleum.com\/fr\/a-propos-de-nous-2\/dans-la-communaute\/"]}]},{"@type":"BreadcrumbList","@id":"https:\/\/solpetroleum.com\/fr\/a-propos-de-nous-2\/dans-la-communaute\/#breadcrumb","itemListElement":[{"@type":"ListItem","position":1,"name":"Home","item":"https:\/\/solpetroleum.com\/fr\/"},{"@type":"ListItem","position":2,"name":"\u00c0 propos de nous","item":"https:\/\/solpetroleum.com\/fr\/a-propos-de-nous-2\/"},{"@type":"ListItem","position":3,"name":"Dans la communaut\u00e9"}]},{"@type":"WebSite","@id":"https:\/\/ec2-3-133-56-63.us-east-2.compute.amazonaws.com\/#website","url":"https:\/\/ec2-3-133-56-63.us-east-2.compute.amazonaws.com\/","name":"Welcome to The Sol Group","description":"A leading petroleum company in the Eastern Caribbean, Central and South America","potentialAction":[{"@type":"SearchAction","target":{"@type":"EntryPoint","urlTemplate":"https:\/\/ec2-3-133-56-63.us-east-2.compute.amazonaws.com\/?s={search_term_string}"},"query-input":{"@type":"PropertyValueSpecification","valueRequired":true,"valueName":"search_term_string"}}],"inLanguage":"fr-FR"}]}},"_links":{"self":[{"href":"https:\/\/solpetroleum.com\/fr\/wp-json\/wp\/v2\/pages\/4497","targetHints":{"allow":["GET"]}}],"collection":[{"href":"https:\/\/solpetroleum.com\/fr\/wp-json\/wp\/v2\/pages"}],"about":[{"href":"https:\/\/solpetroleum.com\/fr\/wp-json\/wp\/v2\/types\/page"}],"author":[{"embeddable":true,"href":"https:\/\/solpetroleum.com\/fr\/wp-json\/wp\/v2\/users\/1664"}],"replies":[{"embeddable":true,"href":"https:\/\/solpetroleum.com\/fr\/wp-json\/wp\/v2\/comments?post=4497"}],"version-history":[{"count":0,"href":"https:\/\/solpetroleum.com\/fr\/wp-json\/wp\/v2\/pages\/4497\/revisions"}],"up":[{"embeddable":true,"href":"https:\/\/solpetroleum.com\/fr\/wp-json\/wp\/v2\/pages\/4394"}],"wp:attachment":[{"href":"https:\/\/solpetroleum.com\/fr\/wp-json\/wp\/v2\/media?parent=4497"}],"curies":[{"name":"wp","href":"https:\/\/api.w.org\/{rel}","templated":true}]}}