{"id":4478,"date":"2018-06-01T17:40:49","date_gmt":"2018-06-01T17:40:49","guid":{"rendered":"https:\/\/solpetroleum.com\/?page_id=4478"},"modified":"2022-11-03T04:32:39","modified_gmt":"2022-11-03T04:32:39","slug":"maritime","status":"publish","type":"page","link":"https:\/\/solpetroleum.com\/fr\/products-services\/maritime\/","title":{"rendered":"CARBURANTS MARINS"},"content":{"rendered":"\t\t<div data-elementor-type=\"wp-page\" data-elementor-id=\"4478\" class=\"elementor elementor-4478 elementor-379\" data-elementor-post-type=\"page\">\n\t\t\t\t\t\t<section class=\"elementor-section elementor-top-section elementor-element elementor-element-35f2838 elementor-section-boxed elementor-section-height-default elementor-section-height-default\" data-id=\"35f2838\" data-element_type=\"section\" data-e-type=\"section\">\n\t\t\t\t\t\t<div class=\"elementor-container elementor-column-gap-default\">\n\t\t\t\t\t<div class=\"elementor-column elementor-col-50 elementor-top-column elementor-element elementor-element-0d74a63\" data-id=\"0d74a63\" data-element_type=\"column\" data-e-type=\"column\">\n\t\t\t<div class=\"elementor-widget-wrap elementor-element-populated\">\n\t\t\t\t\t\t<div class=\"elementor-element elementor-element-ee164fa elementor-widget elementor-widget-text-editor\" data-id=\"ee164fa\" data-element_type=\"widget\" data-e-type=\"widget\" data-widget_type=\"text-editor.default\">\n\t\t\t\t<div class=\"elementor-widget-container\">\n\t\t\t\t\t\t\t\t\t<h2 class=\"western\">Une navigation en douceur avec Sol<\/h2>\t\t\t\t\t\t\t\t<\/div>\n\t\t\t\t<\/div>\n\t\t\t\t<div class=\"elementor-element elementor-element-41a8354 elementor-widget-divider--view-line elementor-widget elementor-widget-divider\" data-id=\"41a8354\" data-element_type=\"widget\" data-e-type=\"widget\" data-widget_type=\"divider.default\">\n\t\t\t\t<div class=\"elementor-widget-container\">\n\t\t\t\t\t\t\t<div class=\"elementor-divider\">\n\t\t\t<span class=\"elementor-divider-separator\">\n\t\t\t\t\t\t<\/span>\n\t\t<\/div>\n\t\t\t\t\t\t<\/div>\n\t\t\t\t<\/div>\n\t\t\t\t<div class=\"elementor-element elementor-element-1297397 elementor-widget elementor-widget-text-editor\" data-id=\"1297397\" data-element_type=\"widget\" data-e-type=\"widget\" data-widget_type=\"text-editor.default\">\n\t\t\t\t<div class=\"elementor-widget-container\">\n\t\t\t\t\t\t\t\t\t<p class=\"western\">Nos carburants marins sont de premi\u00e8re qualit\u00e9, con\u00e7us pour aider les navires \u00e0 naviguer en toute s\u00e9curit\u00e9 et fiabilit\u00e9 dans les eaux de la Cara\u00efbe. Tous nos carburants passent des tests de qualit\u00e9 et des protocoles de s\u00e9curit\u00e9 rigoureux, et r\u00e9pondent aux normes de qualit\u00e9 sp\u00e9cifi\u00e9es dans la norme ISO 8217 &#8211; Sp\u00e9cifications des combustibles pour la marine. Disponible dans 21 territoires de la Cara\u00efbe, notre carburant est accessible par pipeline direct, par camion ou par barges.<\/p>\t\t\t\t\t\t\t\t<\/div>\n\t\t\t\t<\/div>\n\t\t\t\t\t<\/div>\n\t\t<\/div>\n\t\t\t\t<div class=\"elementor-column elementor-col-50 elementor-top-column elementor-element elementor-element-0a5692b\" data-id=\"0a5692b\" data-element_type=\"column\" data-e-type=\"column\" data-settings=\"{&quot;background_background&quot;:&quot;classic&quot;}\">\n\t\t\t<div class=\"elementor-widget-wrap elementor-element-populated\">\n\t\t\t\t\t\t<div class=\"elementor-element elementor-element-1bb5fc0 elementor-widget elementor-widget-spacer\" data-id=\"1bb5fc0\" data-element_type=\"widget\" data-e-type=\"widget\" data-widget_type=\"spacer.default\">\n\t\t\t\t<div class=\"elementor-widget-container\">\n\t\t\t\t\t\t\t<div class=\"elementor-spacer\">\n\t\t\t<div class=\"elementor-spacer-inner\"><\/div>\n\t\t<\/div>\n\t\t\t\t\t\t<\/div>\n\t\t\t\t<\/div>\n\t\t\t\t\t<\/div>\n\t\t<\/div>\n\t\t\t\t\t<\/div>\n\t\t<\/section>\n\t\t\t\t<\/div>\n\t\t","protected":false},"excerpt":{"rendered":"<p>Une navigation en douceur avec Sol Nos carburants marins sont de premi\u00e8re qualit\u00e9, con\u00e7us pour aider les navires \u00e0 naviguer en toute s\u00e9curit\u00e9 et fiabilit\u00e9 dans les eaux de la Cara\u00efbe. Tous nos carburants passent des tests de qualit\u00e9 et &hellip;<\/p>\n","protected":false},"author":1664,"featured_media":0,"parent":19350,"menu_order":148,"comment_status":"closed","ping_status":"closed","template":"","meta":{"_monsterinsights_skip_tracking":false,"_monsterinsights_sitenote_active":false,"_monsterinsights_sitenote_note":"","_monsterinsights_sitenote_category":0,"footnotes":""},"class_list":["post-4478","page","type-page","status-publish","hentry"],"yoast_head":"<!-- This site is optimized with the Yoast SEO plugin v26.3 - https:\/\/yoast.com\/wordpress\/plugins\/seo\/ -->\n<title>CARBURANTS MARINS - Welcome to The Sol Group<\/title>\n<meta name=\"robots\" content=\"index, follow, max-snippet:-1, max-image-preview:large, max-video-preview:-1\" \/>\n<link rel=\"canonical\" href=\"https:\/\/solpetroleum.com\/fr\/products-services\/maritime\/\" \/>\n<meta property=\"og:locale\" content=\"fr_FR\" \/>\n<meta property=\"og:type\" content=\"article\" \/>\n<meta property=\"og:title\" content=\"CARBURANTS MARINS - Welcome to The Sol Group\" \/>\n<meta property=\"og:description\" content=\"Une navigation en douceur avec Sol Nos carburants marins sont de premi\u00e8re qualit\u00e9, con\u00e7us pour aider les navires \u00e0 naviguer en toute s\u00e9curit\u00e9 et fiabilit\u00e9 dans les eaux de la Cara\u00efbe. Tous nos carburants passent des tests de qualit\u00e9 et &hellip;\" \/>\n<meta property=\"og:url\" content=\"https:\/\/solpetroleum.com\/fr\/products-services\/maritime\/\" \/>\n<meta property=\"og:site_name\" content=\"Welcome to The Sol Group\" \/>\n<meta property=\"article:modified_time\" content=\"2022-11-03T04:32:39+00:00\" \/>\n<meta name=\"twitter:card\" content=\"summary_large_image\" \/>\n<meta name=\"twitter:label1\" content=\"Est. reading time\" \/>\n\t<meta name=\"twitter:data1\" content=\"1 minute\" \/>\n<script type=\"application\/ld+json\" class=\"yoast-schema-graph\">{\"@context\":\"https:\/\/schema.org\",\"@graph\":[{\"@type\":\"WebPage\",\"@id\":\"https:\/\/solpetroleum.com\/fr\/products-services\/maritime\/\",\"url\":\"https:\/\/solpetroleum.com\/fr\/products-services\/maritime\/\",\"name\":\"CARBURANTS MARINS - Welcome to The Sol Group\",\"isPartOf\":{\"@id\":\"https:\/\/3.133.56.63\/#website\"},\"datePublished\":\"2018-06-01T17:40:49+00:00\",\"dateModified\":\"2022-11-03T04:32:39+00:00\",\"breadcrumb\":{\"@id\":\"https:\/\/solpetroleum.com\/fr\/products-services\/maritime\/#breadcrumb\"},\"inLanguage\":\"fr-FR\",\"potentialAction\":[{\"@type\":\"ReadAction\",\"target\":[\"https:\/\/solpetroleum.com\/fr\/products-services\/maritime\/\"]}]},{\"@type\":\"BreadcrumbList\",\"@id\":\"https:\/\/solpetroleum.com\/fr\/products-services\/maritime\/#breadcrumb\",\"itemListElement\":[{\"@type\":\"ListItem\",\"position\":1,\"name\":\"Home\",\"item\":\"https:\/\/solpetroleum.com\/fr\/\"},{\"@type\":\"ListItem\",\"position\":2,\"name\":\"PRODUITS ET SERVICES\",\"item\":\"https:\/\/solpetroleum.com\/fr\/products-services\/\"},{\"@type\":\"ListItem\",\"position\":3,\"name\":\"CARBURANTS MARINS\"}]},{\"@type\":\"WebSite\",\"@id\":\"https:\/\/3.133.56.63\/#website\",\"url\":\"https:\/\/3.133.56.63\/\",\"name\":\"Welcome to The Sol Group\",\"description\":\"A leading petroleum company in the Eastern Caribbean, Central and South America\",\"potentialAction\":[{\"@type\":\"SearchAction\",\"target\":{\"@type\":\"EntryPoint\",\"urlTemplate\":\"https:\/\/3.133.56.63\/?s={search_term_string}\"},\"query-input\":{\"@type\":\"PropertyValueSpecification\",\"valueRequired\":true,\"valueName\":\"search_term_string\"}}],\"inLanguage\":\"fr-FR\"}]}<\/script>\n<!-- \/ Yoast SEO plugin. -->","yoast_head_json":{"title":"CARBURANTS MARINS - Welcome to The Sol Group","robots":{"index":"index","follow":"follow","max-snippet":"max-snippet:-1","max-image-preview":"max-image-preview:large","max-video-preview":"max-video-preview:-1"},"canonical":"https:\/\/solpetroleum.com\/fr\/products-services\/maritime\/","og_locale":"fr_FR","og_type":"article","og_title":"CARBURANTS MARINS - Welcome to The Sol Group","og_description":"Une navigation en douceur avec Sol Nos carburants marins sont de premi\u00e8re qualit\u00e9, con\u00e7us pour aider les navires \u00e0 naviguer en toute s\u00e9curit\u00e9 et fiabilit\u00e9 dans les eaux de la Cara\u00efbe. Tous nos carburants passent des tests de qualit\u00e9 et &hellip;","og_url":"https:\/\/solpetroleum.com\/fr\/products-services\/maritime\/","og_site_name":"Welcome to The Sol Group","article_modified_time":"2022-11-03T04:32:39+00:00","twitter_card":"summary_large_image","twitter_misc":{"Est. reading time":"1 minute"},"schema":{"@context":"https:\/\/schema.org","@graph":[{"@type":"WebPage","@id":"https:\/\/solpetroleum.com\/fr\/products-services\/maritime\/","url":"https:\/\/solpetroleum.com\/fr\/products-services\/maritime\/","name":"CARBURANTS MARINS - Welcome to The Sol Group","isPartOf":{"@id":"https:\/\/3.133.56.63\/#website"},"datePublished":"2018-06-01T17:40:49+00:00","dateModified":"2022-11-03T04:32:39+00:00","breadcrumb":{"@id":"https:\/\/solpetroleum.com\/fr\/products-services\/maritime\/#breadcrumb"},"inLanguage":"fr-FR","potentialAction":[{"@type":"ReadAction","target":["https:\/\/solpetroleum.com\/fr\/products-services\/maritime\/"]}]},{"@type":"BreadcrumbList","@id":"https:\/\/solpetroleum.com\/fr\/products-services\/maritime\/#breadcrumb","itemListElement":[{"@type":"ListItem","position":1,"name":"Home","item":"https:\/\/solpetroleum.com\/fr\/"},{"@type":"ListItem","position":2,"name":"PRODUITS ET SERVICES","item":"https:\/\/solpetroleum.com\/fr\/products-services\/"},{"@type":"ListItem","position":3,"name":"CARBURANTS MARINS"}]},{"@type":"WebSite","@id":"https:\/\/3.133.56.63\/#website","url":"https:\/\/3.133.56.63\/","name":"Welcome to The Sol Group","description":"A leading petroleum company in the Eastern Caribbean, Central and South America","potentialAction":[{"@type":"SearchAction","target":{"@type":"EntryPoint","urlTemplate":"https:\/\/3.133.56.63\/?s={search_term_string}"},"query-input":{"@type":"PropertyValueSpecification","valueRequired":true,"valueName":"search_term_string"}}],"inLanguage":"fr-FR"}]}},"_links":{"self":[{"href":"https:\/\/solpetroleum.com\/fr\/wp-json\/wp\/v2\/pages\/4478","targetHints":{"allow":["GET"]}}],"collection":[{"href":"https:\/\/solpetroleum.com\/fr\/wp-json\/wp\/v2\/pages"}],"about":[{"href":"https:\/\/solpetroleum.com\/fr\/wp-json\/wp\/v2\/types\/page"}],"author":[{"embeddable":true,"href":"https:\/\/solpetroleum.com\/fr\/wp-json\/wp\/v2\/users\/1664"}],"replies":[{"embeddable":true,"href":"https:\/\/solpetroleum.com\/fr\/wp-json\/wp\/v2\/comments?post=4478"}],"version-history":[{"count":0,"href":"https:\/\/solpetroleum.com\/fr\/wp-json\/wp\/v2\/pages\/4478\/revisions"}],"up":[{"embeddable":true,"href":"https:\/\/solpetroleum.com\/fr\/wp-json\/wp\/v2\/pages\/19350"}],"wp:attachment":[{"href":"https:\/\/solpetroleum.com\/fr\/wp-json\/wp\/v2\/media?parent=4478"}],"curies":[{"name":"wp","href":"https:\/\/api.w.org\/{rel}","templated":true}]}}