{"id":4454,"date":"2018-06-01T15:26:14","date_gmt":"2018-06-01T15:26:14","guid":{"rendered":"https:\/\/solpetroleum.com\/?page_id=4454"},"modified":"2018-06-01T15:26:14","modified_gmt":"2018-06-01T15:26:14","slug":"gpl","status":"publish","type":"page","link":"https:\/\/solpetroleum.com\/fr\/gpl\/","title":{"rendered":"GPL"},"content":{"rendered":"<p>[vc_row container=&#8221;1&#8243; el_class=&#8221;sec-pad single-service-page sidebar-page&#8221;][vc_column][vc_column_text]<\/p>\n<p>Le gaz de p\u00e9trole liqu\u00e9fi\u00e9 (GPL), ou Sol cuisine gaz, comme il est affectueusement appel\u00e9 par nos clients, est un combustible de cuisson fiable et propre. Que vous soyez un chef professionnel hautement qualifi\u00e9 avec des ann\u00e9es d\u2019exp\u00e9rience culinaire ou que vous pr\u00e9pariez votre tout premier repas, vous pouvez compter sur la fiabilit\u00e9 du Sol gaz de cuisson. Nous offrons Sol Gas dans les tailles de livraison de 20 lb, 100 lb et en vrac par le biais de notre r\u00e9seau de vente au d\u00e9tail et notre r\u00e9seau de distribution.<\/p>\n<p><strong>Disponible dans:<\/strong><\/p>\n<p>Barbade | Grenade | Guyane | Sainte-Lucie | \u00celes Vierges Britanniques | Saint-Martin | Saint Kitts &amp; Nevis | Anguilla | Dominique | Saint-Vincent &amp; les Grenadines<\/p>\n<p>[\/vc_column_text][\/vc_column][\/vc_row]<\/p>\n","protected":false},"excerpt":{"rendered":"<p>[vc_row container=&#8221;1&#8243; el_class=&#8221;sec-pad single-service-page sidebar-page&#8221;][vc_column][vc_column_text] Le gaz de p\u00e9trole liqu\u00e9fi\u00e9 (GPL), ou Sol cuisine gaz, comme il est affectueusement appel\u00e9 par nos clients, est un combustible de cuisson fiable et propre. Que vous soyez un chef professionnel hautement qualifi\u00e9 avec &hellip;<\/p>\n","protected":false},"author":1664,"featured_media":0,"parent":0,"menu_order":106,"comment_status":"closed","ping_status":"closed","template":"tpl-visual_composer.php","meta":{"_monsterinsights_skip_tracking":false,"_monsterinsights_sitenote_active":false,"_monsterinsights_sitenote_note":"","_monsterinsights_sitenote_category":0,"footnotes":""},"class_list":["post-4454","page","type-page","status-publish","hentry"],"yoast_head":"<!-- This site is optimized with the Yoast SEO plugin v26.3 - https:\/\/yoast.com\/wordpress\/plugins\/seo\/ -->\n<title>GPL - Welcome to The Sol Group<\/title>\n<meta name=\"robots\" content=\"index, follow, max-snippet:-1, max-image-preview:large, max-video-preview:-1\" \/>\n<link rel=\"canonical\" href=\"https:\/\/solpetroleum.com\/fr\/gpl\/\" \/>\n<meta property=\"og:locale\" content=\"fr_FR\" \/>\n<meta property=\"og:type\" content=\"article\" \/>\n<meta property=\"og:title\" content=\"GPL - Welcome to The Sol Group\" \/>\n<meta property=\"og:description\" content=\"[vc_row container=&#8221;1&#8243; el_class=&#8221;sec-pad single-service-page sidebar-page&#8221;][vc_column][vc_column_text] Le gaz de p\u00e9trole liqu\u00e9fi\u00e9 (GPL), ou Sol cuisine gaz, comme il est affectueusement appel\u00e9 par nos clients, est un combustible de cuisson fiable et propre. Que vous soyez un chef professionnel hautement qualifi\u00e9 avec &hellip;\" \/>\n<meta property=\"og:url\" content=\"https:\/\/solpetroleum.com\/fr\/gpl\/\" \/>\n<meta property=\"og:site_name\" content=\"Welcome to The Sol Group\" \/>\n<meta name=\"twitter:card\" content=\"summary_large_image\" \/>\n<meta name=\"twitter:label1\" content=\"Est. reading time\" \/>\n\t<meta name=\"twitter:data1\" content=\"1 minute\" \/>\n<script type=\"application\/ld+json\" class=\"yoast-schema-graph\">{\"@context\":\"https:\/\/schema.org\",\"@graph\":[{\"@type\":\"WebPage\",\"@id\":\"https:\/\/solpetroleum.com\/fr\/gpl\/\",\"url\":\"https:\/\/solpetroleum.com\/fr\/gpl\/\",\"name\":\"GPL - Welcome to The Sol Group\",\"isPartOf\":{\"@id\":\"https:\/\/3.133.56.63\/#website\"},\"datePublished\":\"2018-06-01T15:26:14+00:00\",\"breadcrumb\":{\"@id\":\"https:\/\/solpetroleum.com\/fr\/gpl\/#breadcrumb\"},\"inLanguage\":\"fr-FR\",\"potentialAction\":[{\"@type\":\"ReadAction\",\"target\":[\"https:\/\/solpetroleum.com\/fr\/gpl\/\"]}]},{\"@type\":\"BreadcrumbList\",\"@id\":\"https:\/\/solpetroleum.com\/fr\/gpl\/#breadcrumb\",\"itemListElement\":[{\"@type\":\"ListItem\",\"position\":1,\"name\":\"Home\",\"item\":\"https:\/\/solpetroleum.com\/fr\/\"},{\"@type\":\"ListItem\",\"position\":2,\"name\":\"GPL\"}]},{\"@type\":\"WebSite\",\"@id\":\"https:\/\/3.133.56.63\/#website\",\"url\":\"https:\/\/3.133.56.63\/\",\"name\":\"Welcome to The Sol Group\",\"description\":\"A leading petroleum company in the Eastern Caribbean, Central and South America\",\"potentialAction\":[{\"@type\":\"SearchAction\",\"target\":{\"@type\":\"EntryPoint\",\"urlTemplate\":\"https:\/\/3.133.56.63\/?s={search_term_string}\"},\"query-input\":{\"@type\":\"PropertyValueSpecification\",\"valueRequired\":true,\"valueName\":\"search_term_string\"}}],\"inLanguage\":\"fr-FR\"}]}<\/script>\n<!-- \/ Yoast SEO plugin. -->","yoast_head_json":{"title":"GPL - Welcome to The Sol Group","robots":{"index":"index","follow":"follow","max-snippet":"max-snippet:-1","max-image-preview":"max-image-preview:large","max-video-preview":"max-video-preview:-1"},"canonical":"https:\/\/solpetroleum.com\/fr\/gpl\/","og_locale":"fr_FR","og_type":"article","og_title":"GPL - Welcome to The Sol Group","og_description":"[vc_row container=&#8221;1&#8243; el_class=&#8221;sec-pad single-service-page sidebar-page&#8221;][vc_column][vc_column_text] Le gaz de p\u00e9trole liqu\u00e9fi\u00e9 (GPL), ou Sol cuisine gaz, comme il est affectueusement appel\u00e9 par nos clients, est un combustible de cuisson fiable et propre. Que vous soyez un chef professionnel hautement qualifi\u00e9 avec &hellip;","og_url":"https:\/\/solpetroleum.com\/fr\/gpl\/","og_site_name":"Welcome to The Sol Group","twitter_card":"summary_large_image","twitter_misc":{"Est. reading time":"1 minute"},"schema":{"@context":"https:\/\/schema.org","@graph":[{"@type":"WebPage","@id":"https:\/\/solpetroleum.com\/fr\/gpl\/","url":"https:\/\/solpetroleum.com\/fr\/gpl\/","name":"GPL - Welcome to The Sol Group","isPartOf":{"@id":"https:\/\/3.133.56.63\/#website"},"datePublished":"2018-06-01T15:26:14+00:00","breadcrumb":{"@id":"https:\/\/solpetroleum.com\/fr\/gpl\/#breadcrumb"},"inLanguage":"fr-FR","potentialAction":[{"@type":"ReadAction","target":["https:\/\/solpetroleum.com\/fr\/gpl\/"]}]},{"@type":"BreadcrumbList","@id":"https:\/\/solpetroleum.com\/fr\/gpl\/#breadcrumb","itemListElement":[{"@type":"ListItem","position":1,"name":"Home","item":"https:\/\/solpetroleum.com\/fr\/"},{"@type":"ListItem","position":2,"name":"GPL"}]},{"@type":"WebSite","@id":"https:\/\/3.133.56.63\/#website","url":"https:\/\/3.133.56.63\/","name":"Welcome to The Sol Group","description":"A leading petroleum company in the Eastern Caribbean, Central and South America","potentialAction":[{"@type":"SearchAction","target":{"@type":"EntryPoint","urlTemplate":"https:\/\/3.133.56.63\/?s={search_term_string}"},"query-input":{"@type":"PropertyValueSpecification","valueRequired":true,"valueName":"search_term_string"}}],"inLanguage":"fr-FR"}]}},"_links":{"self":[{"href":"https:\/\/solpetroleum.com\/fr\/wp-json\/wp\/v2\/pages\/4454","targetHints":{"allow":["GET"]}}],"collection":[{"href":"https:\/\/solpetroleum.com\/fr\/wp-json\/wp\/v2\/pages"}],"about":[{"href":"https:\/\/solpetroleum.com\/fr\/wp-json\/wp\/v2\/types\/page"}],"author":[{"embeddable":true,"href":"https:\/\/solpetroleum.com\/fr\/wp-json\/wp\/v2\/users\/1664"}],"replies":[{"embeddable":true,"href":"https:\/\/solpetroleum.com\/fr\/wp-json\/wp\/v2\/comments?post=4454"}],"version-history":[{"count":0,"href":"https:\/\/solpetroleum.com\/fr\/wp-json\/wp\/v2\/pages\/4454\/revisions"}],"wp:attachment":[{"href":"https:\/\/solpetroleum.com\/fr\/wp-json\/wp\/v2\/media?parent=4454"}],"curies":[{"name":"wp","href":"https:\/\/api.w.org\/{rel}","templated":true}]}}